{"id":3278,"date":"2017-04-19T08:53:11","date_gmt":"2017-04-19T08:53:11","guid":{"rendered":"http:\/\/html.orange-idea.com\/gravity\/?page_id=3278"},"modified":"2019-07-03T14:57:09","modified_gmt":"2019-07-03T11:57:09","slug":"enprojectstrprojeler","status":"publish","type":"page","link":"https:\/\/www.tezellerinsaat.com.tr\/en\/index.php\/enprojectstrprojeler\/","title":{"rendered":"PROJECTS"},"content":{"rendered":"","protected":false},"excerpt":{"rendered":"","protected":false},"author":1,"featured_media":283,"parent":0,"menu_order":0,"comment_status":"closed","ping_status":"closed","template":"portfolio.php","meta":[],"yoast_head":"<!-- This site is optimized with the Yoast SEO plugin v16.0.1 - https:\/\/yoast.com\/wordpress\/plugins\/seo\/ -->\n<title>Tezeller Projeler - Tezeller \u0130n\u015faat M\u00fchendislik Mimarl\u0131k Ltd.\u015eti.<\/title>\n<meta name=\"description\" content=\"Tezeller Projeler, 2018 y\u0131l\u0131nda \u00e7e\u015fitli kurumlardan i\u015fler \u00fcstlenmekte olup \u00e7al\u0131\u015fmalar\u0131nda taahh\u00fct ve konut projeleriyle devam etmektedir.\" \/>\n<link rel=\"canonical\" href=\"http:\/\/www.tezellerinsaat.com.tr\/en\/index.php\/enprojectstrprojeler\/\" \/>\n<meta property=\"og:locale\" content=\"en_US\" \/>\n<meta property=\"og:type\" content=\"article\" \/>\n<meta property=\"og:title\" content=\"Tezeller Projeler - Tezeller \u0130n\u015faat M\u00fchendislik Mimarl\u0131k Ltd.\u015eti.\" \/>\n<meta property=\"og:description\" content=\"Tezeller Projeler, 2018 y\u0131l\u0131nda \u00e7e\u015fitli kurumlardan i\u015fler \u00fcstlenmekte olup \u00e7al\u0131\u015fmalar\u0131nda taahh\u00fct ve konut projeleriyle devam etmektedir.\" \/>\n<meta property=\"og:url\" content=\"http:\/\/www.tezellerinsaat.com.tr\/en\/index.php\/enprojectstrprojeler\/\" \/>\n<meta property=\"og:site_name\" content=\"Tezeller \u0130n\u015faat\" \/>\n<meta property=\"article:modified_time\" content=\"2019-07-03T11:57:09+00:00\" \/>\n<meta property=\"og:image\" content=\"https:\/\/www.tezellerinsaat.com.tr\/wp-content\/uploads\/2017\/03\/bg3.jpg\" \/>\n\t<meta property=\"og:image:width\" content=\"1920\" \/>\n\t<meta property=\"og:image:height\" content=\"1500\" \/>\n<meta name=\"twitter:card\" content=\"summary_large_image\" \/>\n<script type=\"application\/ld+json\" class=\"yoast-schema-graph\">{\"@context\":\"https:\/\/schema.org\",\"@graph\":[{\"@type\":\"WebSite\",\"@id\":\"http:\/\/www.tezellerinsaat.com.tr\/#website\",\"url\":\"http:\/\/www.tezellerinsaat.com.tr\/\",\"name\":\"Tezeller \\u0130n\\u015faat\",\"description\":\"\",\"potentialAction\":[{\"@type\":\"SearchAction\",\"target\":\"http:\/\/www.tezellerinsaat.com.tr\/?s={search_term_string}\",\"query-input\":\"required name=search_term_string\"}],\"inLanguage\":\"en-US\"},{\"@type\":\"ImageObject\",\"@id\":\"http:\/\/www.tezellerinsaat.com.tr\/en\/index.php\/enprojectstrprojeler\/#primaryimage\",\"inLanguage\":\"en-US\",\"url\":\"https:\/\/www.tezellerinsaat.com.tr\/wp-content\/uploads\/2017\/03\/bg3.jpg\",\"width\":1920,\"height\":1500},{\"@type\":\"WebPage\",\"@id\":\"http:\/\/www.tezellerinsaat.com.tr\/en\/index.php\/enprojectstrprojeler\/#webpage\",\"url\":\"http:\/\/www.tezellerinsaat.com.tr\/en\/index.php\/enprojectstrprojeler\/\",\"name\":\"Tezeller Projeler - Tezeller \\u0130n\\u015faat M\\u00fchendislik Mimarl\\u0131k Ltd.\\u015eti.\",\"isPartOf\":{\"@id\":\"http:\/\/www.tezellerinsaat.com.tr\/#website\"},\"primaryImageOfPage\":{\"@id\":\"http:\/\/www.tezellerinsaat.com.tr\/en\/index.php\/enprojectstrprojeler\/#primaryimage\"},\"datePublished\":\"2017-04-19T08:53:11+00:00\",\"dateModified\":\"2019-07-03T11:57:09+00:00\",\"description\":\"Tezeller Projeler, 2018 y\\u0131l\\u0131nda \\u00e7e\\u015fitli kurumlardan i\\u015fler \\u00fcstlenmekte olup \\u00e7al\\u0131\\u015fmalar\\u0131nda taahh\\u00fct ve konut projeleriyle devam etmektedir.\",\"breadcrumb\":{\"@id\":\"http:\/\/www.tezellerinsaat.com.tr\/en\/index.php\/enprojectstrprojeler\/#breadcrumb\"},\"inLanguage\":\"en-US\",\"potentialAction\":[{\"@type\":\"ReadAction\",\"target\":[\"http:\/\/www.tezellerinsaat.com.tr\/en\/index.php\/enprojectstrprojeler\/\"]}]},{\"@type\":\"BreadcrumbList\",\"@id\":\"http:\/\/www.tezellerinsaat.com.tr\/en\/index.php\/enprojectstrprojeler\/#breadcrumb\",\"itemListElement\":[{\"@type\":\"ListItem\",\"position\":1,\"item\":{\"@type\":\"WebPage\",\"@id\":\"http:\/\/www.tezellerinsaat.com.tr\/\",\"url\":\"http:\/\/www.tezellerinsaat.com.tr\/\",\"name\":\"Ana sayfa\"}},{\"@type\":\"ListItem\",\"position\":2,\"item\":{\"@type\":\"WebPage\",\"@id\":\"http:\/\/www.tezellerinsaat.com.tr\/en\/index.php\/enprojectstrprojeler\/\",\"url\":\"http:\/\/www.tezellerinsaat.com.tr\/en\/index.php\/enprojectstrprojeler\/\",\"name\":\"PROJELER\"}}]}]}<\/script>\n<!-- \/ Yoast SEO plugin. -->","_links":{"self":[{"href":"https:\/\/www.tezellerinsaat.com.tr\/en\/index.php\/wp-json\/wp\/v2\/pages\/3278"}],"collection":[{"href":"https:\/\/www.tezellerinsaat.com.tr\/en\/index.php\/wp-json\/wp\/v2\/pages"}],"about":[{"href":"https:\/\/www.tezellerinsaat.com.tr\/en\/index.php\/wp-json\/wp\/v2\/types\/page"}],"author":[{"embeddable":true,"href":"https:\/\/www.tezellerinsaat.com.tr\/en\/index.php\/wp-json\/wp\/v2\/users\/1"}],"replies":[{"embeddable":true,"href":"https:\/\/www.tezellerinsaat.com.tr\/en\/index.php\/wp-json\/wp\/v2\/comments?post=3278"}],"version-history":[{"count":4,"href":"https:\/\/www.tezellerinsaat.com.tr\/en\/index.php\/wp-json\/wp\/v2\/pages\/3278\/revisions"}],"predecessor-version":[{"id":4255,"href":"https:\/\/www.tezellerinsaat.com.tr\/en\/index.php\/wp-json\/wp\/v2\/pages\/3278\/revisions\/4255"}],"wp:featuredmedia":[{"embeddable":true,"href":"https:\/\/www.tezellerinsaat.com.tr\/en\/index.php\/wp-json\/wp\/v2\/media\/283"}],"wp:attachment":[{"href":"https:\/\/www.tezellerinsaat.com.tr\/en\/index.php\/wp-json\/wp\/v2\/media?parent=3278"}],"curies":[{"name":"wp","href":"https:\/\/api.w.org\/{rel}","templated":true}]}}