	
		
		
		
	{"id":13,"date":"2017-03-18T06:45:22","date_gmt":"2017-03-18T06:45:22","guid":{"rendered":"http:\/\/html.orange-idea.com\/gravity\/?page_id=13"},"modified":"2019-07-11T17:24:00","modified_gmt":"2019-07-11T14:24:00","slug":"home","status":"publish","type":"page","link":"https:\/\/www.tezellerinsaat.com.tr\/","title":{"rendered":"Home"},"content":{"rendered":"<p>[vc_row full_width=&#8221;stretch_row&#8221; full_height=&#8221;yes&#8221; css=&#8221;.vc_custom_1561192447698{margin-top: 0px !important;margin-bottom: 0px !important;border-top-width: 0px !important;border-bottom-width: 0px !important;padding-top: 0px !important;padding-bottom: 0px !important;background-color: #ffffff !important;background-position: center !important;background-repeat: no-repeat !important;background-size: cover !important;}&#8221; el_class=&#8221;dark_bg bubbles&#8221; el_id=&#8221;home&#8221;][vc_column css=&#8221;.vc_custom_1489830323006{margin-top: 0px !important;margin-bottom: 0px !important;border-top-width: 0px !important;border-bottom-width: 0px !important;padding-top: 0px !important;padding-bottom: 0px !important;}&#8221;][rev_slider_vc alias=&#8221;gravitydesign1&#8243;][\/vc_column][\/vc_row][vc_row full_width=&#8221;stretch_row&#8221; full_height=&#8221;yes&#8221; css=&#8221;.vc_custom_1489913868013{background-color: #ffffff !important;}&#8221; el_class=&#8221;light_bg&#8221; el_id=&#8221;servicess&#8221;][vc_column][vc_row_inner][vc_column_inner width=&#8221;1\/2&#8243;]<div class=\"oi_custom_heading_holder\" style=\"margin-bottom:60px\"><div class=\"oi_vc_heading oi_border_position_center\" style=\"text-align:left; \"><h1 style=\"color:#000000; font-style:normal;\" class=\"oi_icon_titile\">HAKKIMIZDA<\/h1><div class=\"oi_heading_border oi_border_position_center\" style=\"text-align:left;\"><span style=\"text-align:left; width:40px; border-top:1px solid #000000;\"><\/span><\/div><p style=\"color:#666666; font-style:normal;\" class=\"oi_icon_sub_titile\">Tezeller \u0130n\u015faat,1986 y\u0131l\u0131nda Ankara'da kurulmu\u015f olup yenilik\u00e7i konut ve ticari projeleriyle k\u0131sa s\u00fcrede ad\u0131ndan s\u00f6z ettirmi\u015ftir.2018 y\u0131l\u0131nda \u00e7e\u015fitli kurumlardan i\u015fler \u00fcstlenmekte olup \u00e7al\u0131\u015fmalar\u0131nda taahh\u00fct ve konut projeleriyle devam etmektedir.<\/p><\/div><\/div>[\/vc_column_inner][vc_column_inner width=&#8221;1\/4&#8243;][\/vc_column_inner][vc_column_inner width=&#8221;1\/4&#8243;][\/vc_column_inner][\/vc_row_inner]<div id=\"ult-carousel-91998277469e1f599ee314\" class=\"ult-carousel-wrapper  vc_custom_1560854129022 custom_arrows ult_horizontal\" data-gutter=\"15\" data-rtl=\"false\" ><div class=\"ult-carousel-202807812569e1f599ee0b8 \" ><div class=\"ult-item-wrap\" data-animation=\"animated no-animation\"><div class=\"ult-new-ib ult-ib-effect-style10 test ult-ib-resp ult-ib2-min-height \" data-min-width=\"768\" data-max-width=\"900\" style=\"background:#c5d5cb; opacity:0; \" data-opacity=\"0.3\" data-hover-opacity=\"0\"  data-min-height=\"350\" ><img class=\"ult-new-ib-img\" style=\"opacity:0.3;\" alt=\"null\" src=\"https:\/\/www.tezellerinsaat.com.tr\/wp-content\/uploads\/2017\/03\/polygon-ful.jpg\"  data-min-height=\"350\"   \/><div id=\"interactive-banner-wrap-5540\" class=\"ult-new-ib-desc\" style=\"\"><h2 class=\"ult-new-ib-title ult-responsive\"  data-ultimate-target='#interactive-banner-wrap-5540 .ult-new-ib-title'  data-responsive-json-new='{\"font-size\":\"desktop:36px;\",\"line-height\":\"desktop:36px;\"}'  style=\"font-weight:bold;color:#000000;\">M\u0130SYON<\/h2><div class=\"ult-new-ib-content ult-responsive\"  data-ultimate-target='#interactive-banner-wrap-5540 .ult-new-ib-content'  data-responsive-json-new='{\"font-size\":\"desktop:16px;\",\"line-height\":\"desktop:16px;\"}'  style=\"font-weight:normal;color:#000000;\"><p>G\u00fcvenli, y\u00fcksek kaliteli ve uygun maliyetli in\u015faat projeleri tasarlamak, in\u015fa etmek ve tamamlamak; M\u00fc\u015fterilerimiz ile birlikte anla\u015ft\u0131\u011f\u0131m\u0131z i\u015f program\u0131na uymak ve t\u00fcm bunlar\u0131 ger\u00e7ekle\u015ftirirken \u00e7al\u0131\u015fanlar\u0131na de\u011fer katmak.<\/p><\/div><\/div><\/div><script type=\"text\/javascript\">\r\n\t\t\t(function($){\r\n\t\t\t\t$(document).ready(function(){\r\n\t\t\t\t\t$(\".ult-new-ib\").css(\"opacity\",\"1\");\r\n\t\t\t\t});\r\n\t\t\t})(jQuery);\r\n\t\t\t<\/script><\/div><div class=\"ult-item-wrap\" data-animation=\"animated no-animation\"><div class=\"ult-new-ib ult-ib-effect-style10 test ult-ib-resp ult-ib2-min-height \" data-min-width=\"768\" data-max-width=\"900\" style=\"background:#6593bf; opacity:0; \" data-opacity=\"0.3\" data-hover-opacity=\"0\"  data-min-height=\"350\" ><img class=\"ult-new-ib-img\" style=\"opacity:0.3;\" alt=\"null\" src=\"https:\/\/www.tezellerinsaat.com.tr\/wp-content\/uploads\/2017\/03\/polygon-ful.jpg\"  data-min-height=\"350\"   \/><div id=\"interactive-banner-wrap-8332\" class=\"ult-new-ib-desc\" style=\"\"><h2 class=\"ult-new-ib-title ult-responsive\"  data-ultimate-target='#interactive-banner-wrap-8332 .ult-new-ib-title'  data-responsive-json-new='{\"font-size\":\"desktop:36px;\",\"line-height\":\"desktop:36px;\"}'  style=\"font-weight:bold;color:#0a0a0a;\">V\u0130ZYON<\/h2><div class=\"ult-new-ib-content ult-responsive\"  data-ultimate-target='#interactive-banner-wrap-8332 .ult-new-ib-content'  data-responsive-json-new='{\"font-size\":\"desktop:16px;\",\"line-height\":\"desktop:16px;\"}'  style=\"font-weight:normal;color:#0a0a0a;\"><p>Kurulu\u015funda bu yana Milli De\u011ferleri g\u00f6zeterek, k\u00fcresel pazarda payda\u015flar\u0131 i\u00e7in yaratt\u0131\u011f\u0131 de\u011ferler ile s\u00fcrd\u00fcr\u00fclebilir b\u00fcy\u00fcmesini koruyan, rekabet g\u00fcc\u00fc ile tercih edilen, g\u00fcven duyulan, \u00e7evreye ve insana duyarl\u0131, d\u00fcnya genelinde hizmet veren m\u00fchendislik ve in\u015faat firmalar\u0131 aras\u0131nda en iyi ve yenilik\u00e7i firmalardan biri olmak.<\/p><\/div><\/div><\/div><script type=\"text\/javascript\">\r\n\t\t\t(function($){\r\n\t\t\t\t$(document).ready(function(){\r\n\t\t\t\t\t$(\".ult-new-ib\").css(\"opacity\",\"1\");\r\n\t\t\t\t});\r\n\t\t\t})(jQuery);\r\n\t\t\t<\/script><\/div><\/div><\/div>\t\t\t<script type=\"text\/javascript\">\r\n\t\t\t\tjQuery(document).ready(function ($) {\r\n\t\t\t\t\tif( typeof jQuery('.ult-carousel-202807812569e1f599ee0b8').slick == \"function\"){\r\n\t\t\t\t\t\t$('.ult-carousel-202807812569e1f599ee0b8').slick({dots: false,autoplaySpeed: 5000,speed: 700,infinite: false,arrows: true,nextArrow: '<button type=\"button\" role=\"button\" aria-label=\"Next\" style=\"color:#000000; font-size:16px;border:1px solid #eaeaea;\" class=\"slick-next square-border\"><i class=\"ultsl-arrow-right6\"><\/i><\/button>',prevArrow: '<button type=\"button\" role=\"button\" aria-label=\"Previous\" style=\"color:#000000; font-size:16px;border:1px solid #eaeaea;\" class=\"slick-prev square-border\"><i class=\"ultsl-arrow-left6\"><\/i><\/button>',slidesToScroll:2,slidesToShow:2,swipe: true,draggable: true,touchMove: true,pauseOnHover: true,pauseOnFocus: false,responsive: [\r\n\t\t\t\t\t\t\t{\r\n\t\t\t\t\t\t\t  breakpoint: 1026,\r\n\t\t\t\t\t\t\t  settings: {\r\n\t\t\t\t\t\t\t\tslidesToShow: 2,\r\n\t\t\t\t\t\t\t\tslidesToScroll: 2,  \r\n\t\t\t\t\t\t\t  }\r\n\t\t\t\t\t\t\t},\r\n\t\t\t\t\t\t\t{\r\n\t\t\t\t\t\t\t  breakpoint: 1025,\r\n\t\t\t\t\t\t\t  settings: {\r\n\t\t\t\t\t\t\t\tslidesToShow: 2,\r\n\t\t\t\t\t\t\t\tslidesToScroll: 2\r\n\t\t\t\t\t\t\t  }\r\n\t\t\t\t\t\t\t},\r\n\t\t\t\t\t\t\t{\r\n\t\t\t\t\t\t\t  breakpoint: 760,\r\n\t\t\t\t\t\t\t  settings: {\r\n\t\t\t\t\t\t\t\tslidesToShow: 1,\r\n\t\t\t\t\t\t\t\tslidesToScroll: 1\r\n\t\t\t\t\t\t\t  }\r\n\t\t\t\t\t\t\t}\r\n\t\t\t\t\t\t],pauseOnDotsHover: true,customPaging: function(slider, i) {\r\n                   return '<i type=\"button\" style= \"color:#333333;\" class=\"ultsl-record\" data-role=\"none\"><\/i>';\r\n                },});\r\n\t\t\t\t\t}\r\n\t\t\t\t});\r\n\t\t\t<\/script>\r\n\t\t\t[\/vc_column][\/vc_row][vc_row full_width=&#8221;stretch_row_content_no_spaces&#8221; full_height=&#8221;yes&#8221; css=&#8221;.vc_custom_1503036112744{background-color: #ffffff !important;background-position: center !important;background-repeat: no-repeat !important;background-size: cover !important;}&#8221; el_class=&#8221;light_bg&#8221; el_id=&#8221;portfolio&#8221;][vc_column]<div class=\"oi_ajax_port_holder\">\n                        <div id=\"oi_c_h\"><\/div>\n\t\t\t\t\t\t<div id=\"oi_next_image_shortcode\" style=\"background-image:url(https:\/\/www.tezellerinsaat.com.tr\/wp-content\/uploads\/2017\/03\/IMG_7528.jpg)\" class=\"oi_bg_img_shortcod\"><\/div>\n\t\t\t\t\t\t<div id=\"oi_current_image_shortcode\" class=\"oi_bg_img_shortcode\" style=\"background-image:url(https:\/\/www.tezellerinsaat.com.tr\/wp-content\/uploads\/2017\/03\/IMG_7528.jpg)\"><\/div>\n\t\t\t\t\t\t<div class=\"oi_creative_p_content\" data-tags=\"all\" data-first=\"4277\" data-last=\"4128\">\n                            <div class=\"arrow-up\"><\/div>\n                            <img class=\"prize_img\" width=\"48\" alt=\"\" src=\"https:\/\/www.tezellerinsaat.com.tr\/wp-content\/themes\/gravity\/framework\/img\/prize.png\">\n                            <div class=\"oi_creative_p_holder\">\n\t\t\t\t\t\t\t\t<h3 class=\"oi_c_title\"><a data-menu=\"no\" data-id=\"4277\" href=\"https:\/\/www.tezellerinsaat.com.tr\/index.php\/portfolio\/t-c-icisleri-bakanligi-vip-salon-ve-basin-merkezi-3-2\/\">T.C. \u0130\u00c7\u0130\u015eLER\u0130 BAKANLI\u011eI VIP SALON VE BASIN MERKEZ\u0130<\/a><\/h3>\n                                <span class=\"oi_c_cats\">Tamamlanan \u0130\u015fler<\/span>\n                                <a data-offset=\"0\" data-id=\"4128\" class=\"oi_crea_a oi_prev_c_p\" href=\"#\"><img width=\"28\" alt=\"\" src=\"https:\/\/www.tezellerinsaat.com.tr\/wp-content\/themes\/gravity\/framework\/img\/arr_l.png\"><\/a>\n\t\t\t\t\t\t\t\t<a data-offset=\"1\" data-id=\"4104\" class=\"oi_crea_a oi_next_c_p\" href=\"#\"><img width=\"28\" alt=\"\" src=\"https:\/\/www.tezellerinsaat.com.tr\/wp-content\/themes\/gravity\/framework\/img\/arr_r.png\"><\/a>\n\t\t\t\t\t\t\t\t<div class=\"oi_c_description\">\n\t\t\t\t\t\t\t\t\t<div class=\"oi_c_description_content\"><\/div>\n\t\t\t\t\t\t\t\t<\/div>\n\t\t\t\t\t\t\t<\/div>\n\t\t\t\t\t\t<\/div>\n\t\t\t\t\t<\/div>[\/vc_column][\/vc_row][vc_row full_width=&#8221;stretch_row&#8221; full_height=&#8221;yes&#8221; css=&#8221;.vc_custom_1545725732073{background-color: #ffffff !important;background-position: center !important;background-repeat: no-repeat !important;background-size: cover !important;}&#8221; el_class=&#8221;light_bg&#8221; el_id=&#8221;Clients&#8221;][vc_column css=&#8221;.vc_custom_1560939360214{background-position: center !important;background-repeat: no-repeat !important;background-size: contain !important;}&#8221;][vc_row_inner][vc_column_inner width=&#8221;1\/2&#8243;]<div class=\"oi_custom_heading_holder\" style=\"margin-bottom:60px\"><div class=\"oi_vc_heading oi_border_position_center\" style=\"text-align:left; \"><h1 style=\"color:#000000; font-style:normal;\" class=\"oi_icon_titile\"><\/h1><div class=\"oi_heading_border oi_border_position_center\" style=\"text-align:left;\"><span style=\"text-align:left; width:40px; border-top:1px solid #000000;\"><\/span><\/div><h3 style=\"color:#000000; font-style:normal;\" class=\"oi_icon_sub_titile\">\u00c7\u00d6Z\u00dcM ORTAKLARIMIZ<\/h3><\/div><\/div>[\/vc_column_inner][vc_column_inner width=&#8221;1\/2&#8243;][\/vc_column_inner][\/vc_row_inner][vc_row_inner css=&#8221;.vc_custom_1489905475259{margin-bottom: 30px !important;}&#8221;][vc_column_inner width=&#8221;1\/3&#8243;][vc_single_image image=&#8221;4135&#8243; img_size=&#8221;240&#215;192&#8243; alignment=&#8221;center&#8221;][vc_column_text]<\/p>\n<h4 style=\"text-align: center;\">T.C. ANKARA VAL\u0130L\u0130\u011e\u0130<\/h4>\n<p>[\/vc_column_text][vc_single_image image=&#8221;4137&#8243; img_size=&#8221;240&#215;192&#8243; alignment=&#8221;center&#8221;][vc_column_text]<\/p>\n<h4 style=\"text-align: center;\">DEMAY M\u0130MARLIK<\/h4>\n<p>[\/vc_column_text][\/vc_column_inner][vc_column_inner width=&#8221;1\/3&#8243;][vc_single_image image=&#8221;4138&#8243; img_size=&#8221;240&#215;192&#8243; alignment=&#8221;center&#8221;][vc_column_text]<\/p>\n<h4 style=\"text-align: center;\">T.C. \u0130\u00c7\u0130\u015eLER\u0130 BAKANLI\u011eI<\/h4>\n<p>[\/vc_column_text][vc_single_image image=&#8221;4148&#8243; img_size=&#8221;240&#215;192&#8243; alignment=&#8221;center&#8221;][vc_column_text]<\/p>\n<h4 style=\"text-align: center;\">D&#8217;ARCHITECTs<\/h4>\n<p>[\/vc_column_text][\/vc_column_inner][vc_column_inner width=&#8221;1\/3&#8243;][vc_single_image image=&#8221;4139&#8243; img_size=&#8221;240&#215;192&#8243; alignment=&#8221;center&#8221;][vc_column_text]<\/p>\n<h4 style=\"text-align: center;\">T.C. KIRKLAREL\u0130 VAL\u0130L\u0130\u011e\u0130<\/h4>\n<p>[\/vc_column_text][vc_single_image image=&#8221;4149&#8243; img_size=&#8221;240&#215;192&#8243; alignment=&#8221;center&#8221;][vc_column_text]<\/p>\n<h4 style=\"text-align: center;\">KLC TAAHH\u00dcT \u0130N\u015eAAT ENERJ\u0130<\/h4>\n<p>[\/vc_column_text][\/vc_column_inner][\/vc_row_inner][\/vc_column][\/vc_row][vc_row full_width=&#8221;stretch_row&#8221; full_height=&#8221;yes&#8221; css=&#8221;.vc_custom_1561208082440{background: #f4e9f1 url(http:\/\/www.tezellerinsaat.com.tr\/wp-content\/uploads\/2017\/03\/IMG_8225.jpg?id=3989) !important;background-position: center !important;background-repeat: no-repeat !important;background-size: cover !important;}&#8221; el_class=&#8221;dark_bg&#8221; el_id=&#8221;ready_to_start&#8221;][vc_column width=&#8221;1\/2&#8243; css=&#8221;.vc_custom_1560873343861{background-position: center !important;background-repeat: no-repeat !important;background-size: contain !important;}&#8221;]<div class=\"oi_vc_text item_height_x2\" style=\"background-color:rgba(244,233,241,0.01)\">\n\t\t\t\t\t<div class=\"oi_vc_text_span\"><p><\/p><\/div>\n\t\t\t   <\/div>[\/vc_column][vc_column width=&#8221;1\/2&#8243; el_class=&#8221;text-left&#8221;]<div class=\"oi_vc_text item_height_x2\" style=\"background-color:rgba(0,0,0,0.5)\">\n\t\t\t\t\t<div class=\"oi_vc_text_span\"><div class=\"oi_custom_heading_holder\" style=\"margin-bottom:60px\"><div class=\"oi_vc_heading oi_border_position_none\" style=\"text-align:left; \"><h1 style=\"color:white; font-style:normal;\" class=\"oi_icon_titile\">T.C. \u0130\u00c7\u0130\u015eLER\u0130 BAKANLI\u011eI \u0130\u015e GYO TERAS KAT YAPIM \u0130\u015e\u0130<\/h1><p style=\"color:white; font-style:normal;\" class=\"oi_icon_sub_titile\"><br \/>\nAL\u00dcM\u0130NYUM A\u00c7ILIR CAM TAVAN KI\u015e BAH\u00c7ES\u0130 VE TEFR\u0130\u015e\u0130 YAPIM \u0130\u015e\u0130<\/p><\/div><\/div><\/div>\n\t\t\t   <\/div>[\/vc_column][\/vc_row][vc_row full_width=&#8221;stretch_row&#8221; full_height=&#8221;yes&#8221; css=&#8221;.vc_custom_1560947131156{background: #ffffff url(http:\/\/www.tezellerinsaat.com.tr\/wp-content\/uploads\/2019\/06\/IMG_6153.jpg?id=3956) !important;background-position: center !important;background-repeat: no-repeat !important;background-size: cover !important;}&#8221; el_class=&#8221;dark_bg&#8221; el_id=&#8221;achivements&#8221;][vc_column width=&#8221;1\/2&#8243;]<div class=\"oi_vc_text item_height_x2\" style=\"background-color:rgba(255,255,255,0.01)\">\n\t\t\t\t\t<div class=\"oi_vc_text_span\"><p><\/p><\/div>\n\t\t\t   <\/div>[\/vc_column][vc_column width=&#8221;1\/2&#8243;]<div class=\"oi_vc_text item_height_x2\" style=\"background-color:rgba(0,0,0,0.7)\">\n\t\t\t\t\t<div class=\"oi_vc_text_span\"><p><\/p>\n<h2><span style=\"color: #0091e4;\">T.C. ANKARA VAL\u0130L\u0130\u011e\u0130 112 AC\u0130L VER\u0130 MERKEZ\u0130 B\u0130LG\u0130 \u0130\u015eLEM TERAS KAT ONARIM \u0130\u015e\u0130<\/span><\/h2>\n<p style=\"margin-top: 30px; font-size: 20px; color: white;\">Mevcutta a\u00e7\u0131k teras olan b\u00f6l\u00fcm\u00fcn \u00e7elik konstr\u00fcksiyon \u00e7at\u0131 yap\u0131lmas\u0131, i\u00e7 b\u00f6l\u00fcmlerin \u00e7al\u0131\u015fma ofisi, toplant\u0131 odas\u0131, kafeterya \u015feklinde revize edilmesi ve tefri\u015flerinin yap\u0131lmas\u0131 i\u015fi<\/p>\n<p><\/p><\/div>\n\t\t\t   <\/div>[\/vc_column][\/vc_row][vc_row full_width=&#8221;stretch_row&#8221; full_height=&#8221;yes&#8221; css=&#8221;.vc_custom_1489906340896{background-color: #f8f7f2 !important;}&#8221; el_class=&#8221;light_bg&#8221; el_id=&#8221;contacts&#8221;][vc_column][vc_row_inner][vc_column_inner width=&#8221;1\/3&#8243;]<div class=\"oi_vc_text item_height_x2\" style=\"background-color:#f8f7f2\">\n\t\t\t\t\t<div class=\"oi_vc_text_span\"><div class=\"oi_custom_heading_holder\" style=\"margin-bottom:60px\"><div class=\"oi_vc_heading oi_border_position_center\" style=\"text-align:left; \"><h1 style=\"color:#000000; font-style:normal;\" class=\"oi_icon_titile\">B\u0130ZE ULA\u015eIN<\/h1><div class=\"oi_heading_border oi_border_position_center\" style=\"text-align:left;\"><span style=\"text-align:left; width:40px; border-top:1px solid #000000;\"><\/span><\/div><p style=\"color:#666; font-style:normal;\" class=\"oi_icon_sub_titile\">Bizimle istedi\u011finiz zaman ileti\u015fime ge\u00e7ebilirsiniz.<\/p><\/div><\/div>\n<div role=\"form\" class=\"wpcf7\" id=\"wpcf7-f6-o1\" lang=\"tr-TR\" dir=\"ltr\">\n<div class=\"screen-reader-response\"><p role=\"status\" aria-live=\"polite\" aria-atomic=\"true\"><\/p> <ul><\/ul><\/div>\n<form action=\"\/index.php\/wp-json\/wp\/v2\/pages\/13#wpcf7-f6-o1\" method=\"post\" class=\"wpcf7-form init\" novalidate=\"novalidate\" data-status=\"init\">\n<div style=\"display: none;\">\n<input type=\"hidden\" name=\"_wpcf7\" value=\"6\" \/>\n<input type=\"hidden\" name=\"_wpcf7_version\" value=\"5.4\" \/>\n<input type=\"hidden\" name=\"_wpcf7_locale\" value=\"tr_TR\" \/>\n<input type=\"hidden\" name=\"_wpcf7_unit_tag\" value=\"wpcf7-f6-o1\" \/>\n<input type=\"hidden\" name=\"_wpcf7_container_post\" value=\"0\" \/>\n<input type=\"hidden\" name=\"_wpcf7_posted_data_hash\" value=\"\" \/>\n<input type=\"hidden\" name=\"lang\" value=\"tr\" \/>\n<\/div>\n<p><label> Ad\u0131n\u0131z (zorunlu)<br \/>\n    <span class=\"wpcf7-form-control-wrap your-name\"><input type=\"text\" name=\"your-name\" value=\"\" size=\"40\" class=\"wpcf7-form-control wpcf7-text wpcf7-validates-as-required\" aria-required=\"true\" aria-invalid=\"false\" \/><\/span> <\/label><\/p>\n<p><label> Email Adresiniz (zorunlu)<br \/>\n    <span class=\"wpcf7-form-control-wrap your-email\"><input type=\"email\" name=\"your-email\" value=\"\" size=\"40\" class=\"wpcf7-form-control wpcf7-text wpcf7-email wpcf7-validates-as-required wpcf7-validates-as-email\" aria-required=\"true\" aria-invalid=\"false\" \/><\/span> <\/label><\/p>\n<p><label> Konu<br \/>\n    <span class=\"wpcf7-form-control-wrap your-subject\"><input type=\"text\" name=\"your-subject\" value=\"\" size=\"40\" class=\"wpcf7-form-control wpcf7-text\" aria-invalid=\"false\" \/><\/span> <\/label><\/p>\n<p><label> Mesaj\u0131n\u0131z<br \/>\n    <span class=\"wpcf7-form-control-wrap your-message\"><textarea name=\"your-message\" cols=\"40\" rows=\"10\" class=\"wpcf7-form-control wpcf7-textarea\" aria-invalid=\"false\"><\/textarea><\/span> <\/label><\/p>\n<p><input type=\"submit\" value=\"G\u00f6nder\" class=\"wpcf7-form-control wpcf7-submit\" \/><\/p>\n<div class=\"wpcf7-response-output\" aria-hidden=\"true\"><\/div><\/form><\/div><\/div>\n\t\t\t   <\/div>[\/vc_column_inner][vc_column_inner el_class=&#8221;text-center&#8221; width=&#8221;1\/3&#8243;]<div class=\"oi_vc_text item_height_x2\" style=\"background-color:#ffffff\">\n\t\t\t\t\t<div class=\"oi_vc_text_span\"><p><\/p>\n<h4 style=\"color: #000; font-wight: 100; margin-bottom: 40px;\">\u0130LET\u0130\u015e\u0130M<\/h4>\n<ul class=\"contact-info\">\n<li>\n<div><strong><i class=\"fa fa-location-arrow \" ><\/i> ADRES<\/strong><\/div>\n<p>Mustafa Kemal Mah. 2155. Cad. No: 4-14 Nep Ofis Kulesi<br \/>\n\u00c7ankaya \/ Ankara<\/li>\n<li>\n<div><strong><i class=\"fa fa-phone \" ><\/i> TELEFON<\/strong><\/div>\n<p>+90 (312) 495 63 27<\/li>\n<li>\n<div><strong><i class=\"fa fa-envelope-open-o \" ><\/i> EMAIL<\/strong><\/div>\n<p><a href=\"mailto:info@tezellerinsaat.com.tr\">info@tezellerinsaat.com.tr<\/a><\/li>\n<\/ul>\n<p><\/p><\/div>\n\t\t\t   <\/div>[\/vc_column_inner][vc_column_inner width=&#8221;1\/3&#8243;][vc_gmaps link=&#8221;#E-8_JTNDaWZyYW1lJTIwc3JjJTNEJTIyaHR0cHMlM0ElMkYlMkZ3d3cuZ29vZ2xlLmNvbSUyRm1hcHMlMkZlbWJlZCUzRnBiJTNEJTIxMW0xNCUyMTFtOCUyMTFtMyUyMTFkNzU3LjE2MTY2MjMyOTQ4NzElMjEyZDMyLjc4MDA3NjIzMjkzODUzNCUyMTNkMzkuOTEyMjk0MTI1NTc0OTIlMjEzbTIlMjExaTEwMjQlMjEyaTc2OCUyMTRmMTMuMSUyMTNtMyUyMTFtMiUyMTFzMHgwJTI1M0EweGI3NTI1NWJmMWI3OTc3ZmYlMjEyc05FUCUyQk9GRklDRSUyMTVlMCUyMTNtMiUyMTFzdHIlMjEyc3RyJTIxNHYxNTYwNzcxODQ1MDIyJTIxNW0yJTIxMXN0ciUyMTJzdHIlMjIlMjB3aWR0aCUzRCUyMjYwMCUyMiUyMGhlaWdodCUzRCUyMjQ1MCUyMiUyMGZyYW1lYm9yZGVyJTNEJTIyMCUyMiUyMHN0eWxlJTNEJTIyYm9yZGVyJTNBMCUyMiUyMGFsbG93ZnVsbHNjcmVlbiUzRSUzQyUyRmlmcmFtZSUzRQ==&#8221;][\/vc_column_inner][\/vc_row_inner][\/vc_column][\/vc_row]<\/p>\n","protected":false},"excerpt":{"rendered":"<p>[vc_row full_width=&#8221;stretch_row&#8221; full_height=&#8221;yes&#8221; css=&#8221;.vc_custom_1561192447698{margin-top: 0px !important;margin-bottom: 0px !important;border-top-width: 0px !important;border-bottom-width: 0px !important;padding-top: 0px !important;padding-bottom: 0px !important;background-color: #ffffff !important;background-position: center !important;background-repeat: no-repeat !important;background-size: cover !important;}&#8221; el_class=&#8221;dark_bg bubbles&#8221; el_id=&#8221;home&#8221;][vc_column css=&#8221;.vc_custom_1489830323006{margin-top: 0px !important;margin-bottom: 0px !important;border-top-width: 0px !important;border-bottom-width: 0px !important;padding-top: 0px !important;padding-bottom: 0px !important;}&#8221;][rev_slider_vc &hellip; <\/p>\n<div class=\"blogger-more-holder\"><a href=\"https:\/\/www.tezellerinsaat.com.tr\/\" class=\"more-link\">Continue reading<\/a><\/div>\n","protected":false},"author":1,"featured_media":0,"parent":0,"menu_order":0,"comment_status":"closed","ping_status":"closed","template":"","meta":[],"yoast_head":"<!-- This site is optimized with the Yoast SEO plugin v16.0.1 - https:\/\/yoast.com\/wordpress\/plugins\/seo\/ -->\n<title>Tezeller \u0130n\u015faat M\u00fchendislik Mimarl\u0131k Limited \u015eirketi<\/title>\n<meta name=\"description\" content=\"\u015eirketimiz 1986 y\u0131l\u0131nda Ankara&#039;da kurulmu\u015f olup yenilik\u00e7i konut ve ticari projeleriyle k\u0131sa s\u00fcrede ad\u0131ndan s\u00f6z ettirmi\u015ftir.Tezeller \u0130n\u015faat\" \/>\n<link rel=\"canonical\" href=\"http:\/\/www.tezellerinsaat.com.tr\/\" \/>\n<meta property=\"og:locale\" content=\"tr_TR\" \/>\n<meta property=\"og:type\" content=\"article\" \/>\n<meta property=\"og:title\" content=\"Tezeller \u0130n\u015faat M\u00fchendislik Mimarl\u0131k Limited \u015eirketi\" \/>\n<meta property=\"og:description\" content=\"\u015eirketimiz 1986 y\u0131l\u0131nda Ankara&#039;da kurulmu\u015f olup yenilik\u00e7i konut ve ticari projeleriyle k\u0131sa s\u00fcrede ad\u0131ndan s\u00f6z ettirmi\u015ftir.Tezeller \u0130n\u015faat\" \/>\n<meta property=\"og:url\" content=\"http:\/\/www.tezellerinsaat.com.tr\/\" \/>\n<meta property=\"og:site_name\" content=\"Tezeller \u0130n\u015faat\" \/>\n<meta property=\"article:modified_time\" content=\"2019-07-11T14:24:00+00:00\" \/>\n<meta name=\"twitter:card\" content=\"summary_large_image\" \/>\n<meta name=\"twitter:label1\" content=\"Tahmini okuma s\u00fcresi\">\n\t<meta name=\"twitter:data1\" content=\"13 dakika\">\n<script type=\"application\/ld+json\" class=\"yoast-schema-graph\">{\"@context\":\"https:\/\/schema.org\",\"@graph\":[{\"@type\":\"WebSite\",\"@id\":\"http:\/\/www.tezellerinsaat.com.tr\/#website\",\"url\":\"http:\/\/www.tezellerinsaat.com.tr\/\",\"name\":\"Tezeller \\u0130n\\u015faat\",\"description\":\"\",\"potentialAction\":[{\"@type\":\"SearchAction\",\"target\":\"http:\/\/www.tezellerinsaat.com.tr\/?s={search_term_string}\",\"query-input\":\"required name=search_term_string\"}],\"inLanguage\":\"tr-TR\"},{\"@type\":\"WebPage\",\"@id\":\"http:\/\/www.tezellerinsaat.com.tr\/#webpage\",\"url\":\"http:\/\/www.tezellerinsaat.com.tr\/\",\"name\":\"Tezeller \\u0130n\\u015faat M\\u00fchendislik Mimarl\\u0131k Limited \\u015eirketi\",\"isPartOf\":{\"@id\":\"http:\/\/www.tezellerinsaat.com.tr\/#website\"},\"datePublished\":\"2017-03-18T06:45:22+00:00\",\"dateModified\":\"2019-07-11T14:24:00+00:00\",\"description\":\"\\u015eirketimiz 1986 y\\u0131l\\u0131nda Ankara'da kurulmu\\u015f olup yenilik\\u00e7i konut ve ticari projeleriyle k\\u0131sa s\\u00fcrede ad\\u0131ndan s\\u00f6z ettirmi\\u015ftir.Tezeller \\u0130n\\u015faat\",\"breadcrumb\":{\"@id\":\"http:\/\/www.tezellerinsaat.com.tr\/#breadcrumb\"},\"inLanguage\":\"tr-TR\",\"potentialAction\":[{\"@type\":\"ReadAction\",\"target\":[\"http:\/\/www.tezellerinsaat.com.tr\/\"]}]},{\"@type\":\"BreadcrumbList\",\"@id\":\"http:\/\/www.tezellerinsaat.com.tr\/#breadcrumb\",\"itemListElement\":[{\"@type\":\"ListItem\",\"position\":1,\"item\":{\"@type\":\"WebPage\",\"@id\":\"http:\/\/www.tezellerinsaat.com.tr\/\",\"url\":\"http:\/\/www.tezellerinsaat.com.tr\/\",\"name\":\"Ana sayfa\"}},{\"@type\":\"ListItem\",\"position\":2,\"item\":{\"@type\":\"WebPage\",\"@id\":\"http:\/\/www.tezellerinsaat.com.tr\/\",\"url\":\"http:\/\/www.tezellerinsaat.com.tr\/\",\"name\":\"Home\"}}]}]}<\/script>\n<!-- \/ Yoast SEO plugin. -->","_links":{"self":[{"href":"https:\/\/www.tezellerinsaat.com.tr\/index.php\/wp-json\/wp\/v2\/pages\/13"}],"collection":[{"href":"https:\/\/www.tezellerinsaat.com.tr\/index.php\/wp-json\/wp\/v2\/pages"}],"about":[{"href":"https:\/\/www.tezellerinsaat.com.tr\/index.php\/wp-json\/wp\/v2\/types\/page"}],"author":[{"embeddable":true,"href":"https:\/\/www.tezellerinsaat.com.tr\/index.php\/wp-json\/wp\/v2\/users\/1"}],"replies":[{"embeddable":true,"href":"https:\/\/www.tezellerinsaat.com.tr\/index.php\/wp-json\/wp\/v2\/comments?post=13"}],"version-history":[{"count":152,"href":"https:\/\/www.tezellerinsaat.com.tr\/index.php\/wp-json\/wp\/v2\/pages\/13\/revisions"}],"predecessor-version":[{"id":4262,"href":"https:\/\/www.tezellerinsaat.com.tr\/index.php\/wp-json\/wp\/v2\/pages\/13\/revisions\/4262"}],"wp:attachment":[{"href":"https:\/\/www.tezellerinsaat.com.tr\/index.php\/wp-json\/wp\/v2\/media?parent=13"}],"curies":[{"name":"wp","href":"https:\/\/api.w.org\/{rel}","templated":true}]}}