	
		
	{"id":2989,"date":"2017-03-20T12:10:22","date_gmt":"2017-03-20T12:10:22","guid":{"rendered":"http:\/\/html.orange-idea.com\/gravity\/?page_id=2989"},"modified":"2021-03-17T10:55:11","modified_gmt":"2021-03-17T07:55:11","slug":"about","status":"publish","type":"page","link":"https:\/\/www.tezellerinsaat.com.tr\/index.php\/about\/","title":{"rendered":"Hakk\u0131m\u0131zda"},"content":{"rendered":"<p>[vc_row css=&#8221;.vc_custom_1489649823322{padding-top: 80px !important;padding-bottom: 80px !important;}&#8221;][vc_column width=&#8221;1\/2&#8243; css=&#8221;.vc_custom_1437207404127{padding-right: 60px !important;}&#8221;][vc_tta_tabs style=&#8221;modern&#8221; shape=&#8221;square&#8221; active_section=&#8221;1&#8243;][vc_tta_section i_type=&#8221;openiconic&#8221; add_icon=&#8221;true&#8221; title=&#8221;V\u0130ZYON&#8221; tab_id=&#8221;1440319909313-f99fec7e-56d0&#8243;][vc_column_text]Kurulu\u015funda bu yana Milli De\u011ferleri g\u00f6zeterek, k\u00fcresel pazarda payda\u015flar\u0131 i\u00e7in yaratt\u0131\u011f\u0131 de\u011ferler ile s\u00fcrd\u00fcr\u00fclebilir b\u00fcy\u00fcmesini koruyan, rekabet g\u00fcc\u00fc ile tercih edilen, g\u00fcven duyulan, \u00e7evreye ve insana duyarl\u0131, d\u00fcnya genelinde hizmet veren m\u00fchendislik ve in\u015faat firmalar\u0131 aras\u0131nda en iyi ve yenilik\u00e7i firmalardan biri olmak.[\/vc_column_text][\/vc_tta_section][vc_tta_section i_type=&#8221;linecons&#8221; i_icon_linecons=&#8221;vc_li vc_li-star&#8221; add_icon=&#8221;true&#8221; title=&#8221;M\u0130SYON&#8221; tab_id=&#8221;1440319909341-ec943281-3a84&#8243;][vc_column_text]G\u00fcvenli, y\u00fcksek kaliteli ve uygun maliyetli in\u015faat projeleri tasarlamak, in\u015fa etmek ve tamamlamak; M\u00fc\u015fterilerimiz ile birlikte anla\u015ft\u0131\u011f\u0131m\u0131z i\u015f program\u0131na uymak ve t\u00fcm bunlar\u0131 ger\u00e7ekle\u015ftirirken \u00e7al\u0131\u015fanlar\u0131na de\u011fer katmak.[\/vc_column_text][\/vc_tta_section][\/vc_tta_tabs][\/vc_column][vc_column width=&#8221;1\/2&#8243;]<div class=\"oi_custom_heading_holder\" style=\"margin-bottom:20px\"><div class=\"oi_vc_heading oi_border_position_none\" style=\"text-align:left; \"><h3 style=\"color:#222222; font-style:normal;\" class=\"oi_icon_titile\">HAKKIMIZDA<\/h3><\/div><\/div>[vc_column_text]<\/p>\n<p style=\"text-align: justify;\">\u015eirketimiz 1986 y\u0131l\u0131nda Ankara&#8217;da kurulmu\u015f olup yenilik\u00e7i konut ve ticari projeleriyle k\u0131sa s\u00fcrede ad\u0131ndan s\u00f6z ettirmi\u015ftir.2018 y\u0131l\u0131nda \u00e7e\u015fitli kurumlardan taahh\u00fct i\u015fleri \u00fcstlenmekte olup \u00e7al\u0131\u015fmalar\u0131nda taahh\u00fct ve konut projeleriyle devam etmektedir.<\/p>\n<p>[\/vc_column_text][\/vc_column][\/vc_row][vc_row full_width=&#8221;stretch_row&#8221; css=&#8221;.vc_custom_1492580591772{padding-top: 10px !important;padding-bottom: 40px !important;background-color: #f1f1f1 !important;}&#8221;][vc_column width=&#8221;1\/2&#8243;]<div class=\"oi_custom_heading_holder\" style=\"margin-bottom:20px\"><div class=\"oi_vc_heading oi_border_position_right\" style=\"text-align:right; border-right: 1px solid #686868;\"><h2 style=\"color:#0a0a0a; font-style:normal;\" class=\"oi_icon_titile\">B\u0130ZE ULA\u015eIN<\/h2><p style=\"color:#0a0a0a; font-style:normal;\" class=\"oi_icon_sub_titile\">+90 (312) 495 63 27 | info@tezellerinsaat.com.tr<\/p><\/div><\/div>[\/vc_column][vc_column width=&#8221;1\/2&#8243; el_class=&#8221;text-left&#8221; css=&#8221;.vc_custom_1492580649325{margin-top: 10px !important;}&#8221;]<a class=\"oi_vc_button\" data-title-color-hover=\"#ffffff\" data-bg-color-hover=\"#aec71e\" data-border-c-hover=\"#e83b23\" href=\"#\"  data-remodal-target=\"contacts\" style=\"display:inline-block; font-size:12px; line-heigth:12px; color:#ffffff; background-color:#000000; padding:10px 20px; border-width:0px; border-style:solid; border-color:#e83b23; border-radius:3px\">MAIL G\u00d6NDER<\/a><div class=\"remodal\" style=\"padding:30px\" data-remodal-id=\"contacts\">\n\t\t\t\t  <button data-remodal-action=\"close\" class=\"remodal-close\"><\/button><p>\n\t\t\t\t  <\/p>\n<h2>B\u0130ZE ULA\u015eIN<\/h2>\n<p>+90 (312) 495 63 27 | info@tezellerinsaat.com.tr<\/p>\n<hr \/>\n<p style=\"text-align: left;\"><div role=\"form\" class=\"wpcf7\" id=\"wpcf7-f3002-o1\" lang=\"en-US\" dir=\"ltr\">\n<div class=\"screen-reader-response\"><p role=\"status\" aria-live=\"polite\" aria-atomic=\"true\"><\/p> <ul><\/ul><\/div>\n<form action=\"\/index.php\/wp-json\/wp\/v2\/pages\/2989#wpcf7-f3002-o1\" method=\"post\" class=\"wpcf7-form init\" novalidate=\"novalidate\" data-status=\"init\">\n<div style=\"display: none;\">\n<input type=\"hidden\" name=\"_wpcf7\" value=\"3002\" \/>\n<input type=\"hidden\" name=\"_wpcf7_version\" value=\"5.4\" \/>\n<input type=\"hidden\" name=\"_wpcf7_locale\" value=\"en_US\" \/>\n<input type=\"hidden\" name=\"_wpcf7_unit_tag\" value=\"wpcf7-f3002-o1\" \/>\n<input type=\"hidden\" name=\"_wpcf7_container_post\" value=\"0\" \/>\n<input type=\"hidden\" name=\"_wpcf7_posted_data_hash\" value=\"\" \/>\n<input type=\"hidden\" name=\"lang\" value=\"tr\" \/>\n<\/div>\n<div class=\"row text-left\">\n<div class=\"col-md-6\">\n<p><span class=\"wpcf7-form-control-wrap your-name\"><input type=\"text\" name=\"your-name\" value=\"\" size=\"40\" class=\"wpcf7-form-control wpcf7-text wpcf7-validates-as-required\" aria-required=\"true\" aria-invalid=\"false\" placeholder=\"NAME\" \/><\/span><\/p>\n<\/div>\n<div class=\"col-md-6\">\n<p><span class=\"wpcf7-form-control-wrap your-email\"><input type=\"email\" name=\"your-email\" value=\"\" size=\"40\" class=\"wpcf7-form-control wpcf7-text wpcf7-email wpcf7-validates-as-required wpcf7-validates-as-email\" aria-required=\"true\" aria-invalid=\"false\" placeholder=\"E-MAIL\" \/><\/span><\/p>\n<\/div>\n<div class=\"col-md-12\">\n<p><span class=\"wpcf7-form-control-wrap subject\"><input type=\"text\" name=\"subject\" value=\"\" size=\"40\" class=\"wpcf7-form-control wpcf7-text wpcf7-validates-as-required\" aria-required=\"true\" aria-invalid=\"false\" placeholder=\"SUBJECT\" \/><\/span><\/p>\n<\/div>\n<div class=\"col-md-12\">\n<p><span class=\"wpcf7-form-control-wrap your-message\"><textarea name=\"your-message\" cols=\"5\" rows=\"2\" class=\"wpcf7-form-control wpcf7-textarea wpcf7-validates-as-required\" aria-required=\"true\" aria-invalid=\"false\" placeholder=\"MESSAGE\"><\/textarea><\/span><\/p>\n<\/div>\n<div class=\"col-md-12\">\n<p class=\"text-center\" style=\"margin-bottom:0px;\"><input type=\"submit\" value=\"SEND MESSAGE\" class=\"wpcf7-form-control wpcf7-submit\" \/><\/p>\n<\/div>\n<\/div>\n<div class=\"wpcf7-response-output\" aria-hidden=\"true\"><\/div><\/form><\/div>\n<p><\/p>\n\t\t\t\t<\/div>[\/vc_column][\/vc_row]<\/p>\n","protected":false},"excerpt":{"rendered":"<p>[vc_row css=&#8221;.vc_custom_1489649823322{padding-top: 80px !important;padding-bottom: 80px !important;}&#8221;][vc_column width=&#8221;1\/2&#8243; css=&#8221;.vc_custom_1437207404127{padding-right: 60px !important;}&#8221;][vc_tta_tabs style=&#8221;modern&#8221; shape=&#8221;square&#8221; active_section=&#8221;1&#8243;][vc_tta_section i_type=&#8221;openiconic&#8221; add_icon=&#8221;true&#8221; title=&#8221;V\u0130ZYON&#8221; tab_id=&#8221;1440319909313-f99fec7e-56d0&#8243;][vc_column_text]Kurulu\u015funda bu yana Milli De\u011ferleri g\u00f6zeterek, k\u00fcresel pazarda payda\u015flar\u0131 i\u00e7in yaratt\u0131\u011f\u0131 de\u011ferler ile s\u00fcrd\u00fcr\u00fclebilir b\u00fcy\u00fcmesini koruyan, rekabet g\u00fcc\u00fc ile tercih edilen, g\u00fcven duyulan, \u00e7evreye &hellip; <\/p>\n<div class=\"blogger-more-holder\"><a href=\"https:\/\/www.tezellerinsaat.com.tr\/index.php\/about\/\" class=\"more-link\">Continue reading<\/a><\/div>\n","protected":false},"author":1,"featured_media":3256,"parent":0,"menu_order":0,"comment_status":"closed","ping_status":"closed","template":"","meta":[],"yoast_head":"<!-- This site is optimized with the Yoast SEO plugin v16.0.1 - https:\/\/yoast.com\/wordpress\/plugins\/seo\/ -->\n<title>Hakk\u0131m\u0131zda - Tezeller \u0130n\u015faat<\/title>\n<link rel=\"canonical\" href=\"https:\/\/www.tezellerinsaat.com.tr\/en\/index.php\/about\/\" \/>\n<meta property=\"og:locale\" content=\"tr_TR\" \/>\n<meta property=\"og:type\" content=\"article\" \/>\n<meta property=\"og:title\" content=\"Hakk\u0131m\u0131zda\" \/>\n<meta property=\"og:description\" content=\"[vc_row css=&#8221;.vc_custom_1489649823322{padding-top: 80px !important;padding-bottom: 80px !important;}&#8221;][vc_column width=&#8221;1\/2&#8243; css=&#8221;.vc_custom_1437207404127{padding-right: 60px !important;}&#8221;][vc_tta_tabs style=&#8221;modern&#8221; shape=&#8221;square&#8221; active_section=&#8221;1&#8243;][vc_tta_section i_type=&#8221;openiconic&#8221; add_icon=&#8221;true&#8221; title=&#8221;V\u0130ZYON&#8221; tab_id=&#8221;1440319909313-f99fec7e-56d0&#8243;][vc_column_text]Kurulu\u015funda bu yana Milli De\u011ferleri g\u00f6zeterek, k\u00fcresel pazarda payda\u015flar\u0131 i\u00e7in yaratt\u0131\u011f\u0131 de\u011ferler ile s\u00fcrd\u00fcr\u00fclebilir b\u00fcy\u00fcmesini koruyan, rekabet g\u00fcc\u00fc ile tercih edilen, g\u00fcven duyulan, \u00e7evreye &hellip; Continue reading\" \/>\n<meta property=\"og:url\" content=\"https:\/\/www.tezellerinsaat.com.tr\/en\/index.php\/about\/\" \/>\n<meta property=\"og:site_name\" content=\"Tezeller \u0130n\u015faat\" \/>\n<meta property=\"article:modified_time\" content=\"2021-03-17T07:55:11+00:00\" \/>\n<meta property=\"og:image\" content=\"https:\/\/www.tezellerinsaat.com.tr\/wp-content\/uploads\/2017\/03\/crew.jpg\" \/>\n\t<meta property=\"og:image:width\" content=\"1920\" \/>\n\t<meta property=\"og:image:height\" content=\"920\" \/>\n<meta name=\"twitter:card\" content=\"summary_large_image\" \/>\n<meta name=\"twitter:label1\" content=\"Tahmini okuma s\u00fcresi\">\n\t<meta name=\"twitter:data1\" content=\"4 dakika\">\n<script type=\"application\/ld+json\" class=\"yoast-schema-graph\">{\"@context\":\"https:\/\/schema.org\",\"@graph\":[{\"@type\":\"WebSite\",\"@id\":\"http:\/\/www.tezellerinsaat.com.tr\/#website\",\"url\":\"http:\/\/www.tezellerinsaat.com.tr\/\",\"name\":\"Tezeller \\u0130n\\u015faat\",\"description\":\"\",\"potentialAction\":[{\"@type\":\"SearchAction\",\"target\":\"http:\/\/www.tezellerinsaat.com.tr\/?s={search_term_string}\",\"query-input\":\"required name=search_term_string\"}],\"inLanguage\":\"tr-TR\"},{\"@type\":\"ImageObject\",\"@id\":\"https:\/\/www.tezellerinsaat.com.tr\/en\/index.php\/about\/#primaryimage\",\"inLanguage\":\"tr-TR\",\"url\":\"https:\/\/www.tezellerinsaat.com.tr\/wp-content\/uploads\/2017\/03\/crew.jpg\",\"width\":1920,\"height\":920},{\"@type\":\"WebPage\",\"@id\":\"https:\/\/www.tezellerinsaat.com.tr\/en\/index.php\/about\/#webpage\",\"url\":\"https:\/\/www.tezellerinsaat.com.tr\/en\/index.php\/about\/\",\"name\":\"[:en]About Our Company[:tr]Hakk\\u0131m\\u0131zda[:] - Tezeller \\u0130n\\u015faat\",\"isPartOf\":{\"@id\":\"http:\/\/www.tezellerinsaat.com.tr\/#website\"},\"primaryImageOfPage\":{\"@id\":\"https:\/\/www.tezellerinsaat.com.tr\/en\/index.php\/about\/#primaryimage\"},\"datePublished\":\"2017-03-20T12:10:22+00:00\",\"dateModified\":\"2021-03-17T07:55:11+00:00\",\"breadcrumb\":{\"@id\":\"https:\/\/www.tezellerinsaat.com.tr\/en\/index.php\/about\/#breadcrumb\"},\"inLanguage\":\"tr-TR\",\"potentialAction\":[{\"@type\":\"ReadAction\",\"target\":[\"https:\/\/www.tezellerinsaat.com.tr\/en\/index.php\/about\/\"]}]},{\"@type\":\"BreadcrumbList\",\"@id\":\"https:\/\/www.tezellerinsaat.com.tr\/en\/index.php\/about\/#breadcrumb\",\"itemListElement\":[{\"@type\":\"ListItem\",\"position\":1,\"item\":{\"@type\":\"WebPage\",\"@id\":\"http:\/\/www.tezellerinsaat.com.tr\/\",\"url\":\"http:\/\/www.tezellerinsaat.com.tr\/\",\"name\":\"Ana sayfa\"}},{\"@type\":\"ListItem\",\"position\":2,\"item\":{\"@type\":\"WebPage\",\"@id\":\"https:\/\/www.tezellerinsaat.com.tr\/en\/index.php\/about\/\",\"url\":\"https:\/\/www.tezellerinsaat.com.tr\/en\/index.php\/about\/\",\"name\":\"About Our Company\"}}]}]}<\/script>\n<!-- \/ Yoast SEO plugin. -->","_links":{"self":[{"href":"https:\/\/www.tezellerinsaat.com.tr\/index.php\/wp-json\/wp\/v2\/pages\/2989"}],"collection":[{"href":"https:\/\/www.tezellerinsaat.com.tr\/index.php\/wp-json\/wp\/v2\/pages"}],"about":[{"href":"https:\/\/www.tezellerinsaat.com.tr\/index.php\/wp-json\/wp\/v2\/types\/page"}],"author":[{"embeddable":true,"href":"https:\/\/www.tezellerinsaat.com.tr\/index.php\/wp-json\/wp\/v2\/users\/1"}],"replies":[{"embeddable":true,"href":"https:\/\/www.tezellerinsaat.com.tr\/index.php\/wp-json\/wp\/v2\/comments?post=2989"}],"version-history":[{"count":22,"href":"https:\/\/www.tezellerinsaat.com.tr\/index.php\/wp-json\/wp\/v2\/pages\/2989\/revisions"}],"predecessor-version":[{"id":4298,"href":"https:\/\/www.tezellerinsaat.com.tr\/index.php\/wp-json\/wp\/v2\/pages\/2989\/revisions\/4298"}],"wp:featuredmedia":[{"embeddable":true,"href":"https:\/\/www.tezellerinsaat.com.tr\/index.php\/wp-json\/wp\/v2\/media\/3256"}],"wp:attachment":[{"href":"https:\/\/www.tezellerinsaat.com.tr\/index.php\/wp-json\/wp\/v2\/media?parent=2989"}],"curies":[{"name":"wp","href":"https:\/\/api.w.org\/{rel}","templated":true}]}}