	
	{"id":2995,"date":"2017-03-20T12:11:15","date_gmt":"2017-03-20T12:11:15","guid":{"rendered":"http:\/\/html.orange-idea.com\/gravity\/?page_id=2995"},"modified":"2019-07-11T17:31:02","modified_gmt":"2019-07-11T14:31:02","slug":"iletisim","status":"publish","type":"page","link":"https:\/\/www.tezellerinsaat.com.tr\/index.php\/iletisim\/","title":{"rendered":"\u0130leti\u015fim"},"content":{"rendered":"<p>[vc_row full_width=&#8221;stretch_row&#8221; css=&#8221;.vc_custom_1492418171913{padding-top: 0px !important;padding-bottom: 30px !important;background-color: #f8f7f2 !important;}&#8221; el_id=&#8221;contacts&#8221;][vc_column][vc_row_inner css=&#8221;.vc_custom_1492418150373{padding-top: 60px !important;padding-bottom: 60px !important;}&#8221;][vc_column_inner width=&#8221;1\/2&#8243;]<div class=\"oi_vc_text item_height_x2\" style=\"background-color:#f8f7f2\">\n\t\t\t\t\t<div class=\"oi_vc_text_span\"><div class=\"oi_custom_heading_holder\" style=\"margin-bottom:60px\"><div class=\"oi_vc_heading oi_border_position_center\" style=\"text-align:left; \"><h1 style=\"color:#000000; font-style:normal;\" class=\"oi_icon_titile\">B\u0130ZE ULA\u015eIN<\/h1><div class=\"oi_heading_border oi_border_position_center\" style=\"text-align:left;\"><span style=\"text-align:left; width:40px; border-top:1px solid #000000;\"><\/span><\/div><p style=\"color:#666; font-style:normal;\" class=\"oi_icon_sub_titile\">Bizimle istedi\u011finiz zaman ileti\u015fime ge\u00e7ebilirsiniz.<\/p><\/div><\/div>\n<div role=\"form\" class=\"wpcf7\" id=\"wpcf7-f6-o1\" lang=\"tr-TR\" dir=\"ltr\">\n<div class=\"screen-reader-response\"><p role=\"status\" aria-live=\"polite\" aria-atomic=\"true\"><\/p> <ul><\/ul><\/div>\n<form action=\"\/index.php\/wp-json\/wp\/v2\/pages\/2995#wpcf7-f6-o1\" method=\"post\" class=\"wpcf7-form init\" novalidate=\"novalidate\" data-status=\"init\">\n<div style=\"display: none;\">\n<input type=\"hidden\" name=\"_wpcf7\" value=\"6\" \/>\n<input type=\"hidden\" name=\"_wpcf7_version\" value=\"5.4\" \/>\n<input type=\"hidden\" name=\"_wpcf7_locale\" value=\"tr_TR\" \/>\n<input type=\"hidden\" name=\"_wpcf7_unit_tag\" value=\"wpcf7-f6-o1\" \/>\n<input type=\"hidden\" name=\"_wpcf7_container_post\" value=\"0\" \/>\n<input type=\"hidden\" name=\"_wpcf7_posted_data_hash\" value=\"\" \/>\n<input type=\"hidden\" name=\"lang\" value=\"tr\" \/>\n<\/div>\n<p><label> Ad\u0131n\u0131z (zorunlu)<br \/>\n    <span class=\"wpcf7-form-control-wrap your-name\"><input type=\"text\" name=\"your-name\" value=\"\" size=\"40\" class=\"wpcf7-form-control wpcf7-text wpcf7-validates-as-required\" aria-required=\"true\" aria-invalid=\"false\" \/><\/span> <\/label><\/p>\n<p><label> Email Adresiniz (zorunlu)<br \/>\n    <span class=\"wpcf7-form-control-wrap your-email\"><input type=\"email\" name=\"your-email\" value=\"\" size=\"40\" class=\"wpcf7-form-control wpcf7-text wpcf7-email wpcf7-validates-as-required wpcf7-validates-as-email\" aria-required=\"true\" aria-invalid=\"false\" \/><\/span> <\/label><\/p>\n<p><label> Konu<br \/>\n    <span class=\"wpcf7-form-control-wrap your-subject\"><input type=\"text\" name=\"your-subject\" value=\"\" size=\"40\" class=\"wpcf7-form-control wpcf7-text\" aria-invalid=\"false\" \/><\/span> <\/label><\/p>\n<p><label> Mesaj\u0131n\u0131z<br \/>\n    <span class=\"wpcf7-form-control-wrap your-message\"><textarea name=\"your-message\" cols=\"40\" rows=\"10\" class=\"wpcf7-form-control wpcf7-textarea\" aria-invalid=\"false\"><\/textarea><\/span> <\/label><\/p>\n<p><input type=\"submit\" value=\"G\u00f6nder\" class=\"wpcf7-form-control wpcf7-submit\" \/><\/p>\n<div class=\"wpcf7-response-output\" aria-hidden=\"true\"><\/div><\/form><\/div><\/div>\n\t\t\t   <\/div>[\/vc_column_inner][vc_column_inner el_class=&#8221;text-center&#8221; width=&#8221;1\/2&#8243;]<div class=\"oi_vc_text item_height_x2\" style=\"background-color:#ffffff\">\n\t\t\t\t\t<div class=\"oi_vc_text_span\"><p><\/p>\n<h4 style=\"color: #000; font-wight: 100; margin-bottom: 40px;\">\u0130LET\u0130\u015e\u0130M DETAYLARI<\/h4>\n<ul class=\"contact-info\">\n<li>\n<div><strong><i class=\"fa fa-location-arrow \" ><\/i> ADRES<\/strong><\/div>\n<p>Mustafa Kemal Mah. 2155. Cad. No:4-14 Nep Ofis Kulesi<br \/>\n\u00c7ankaya \/ Ankara<\/li>\n<li>\n<div><strong><i class=\"fa fa-phone \" ><\/i> TELEFON<\/strong><\/div>\n<p>+90 (312) 495 63 27<\/li>\n<li>\n<div><strong><i class=\"fa fa-envelope-open-o \" ><\/i> EMAIL<\/strong><\/div>\n<p><a href=\"mailto:info@tezellerinsaat.com.tr\">info@tezellerinsaat.com.tr<\/a><\/li>\n<\/ul>\n<p><\/p><\/div>\n\t\t\t   <\/div>[\/vc_column_inner][\/vc_row_inner][\/vc_column][\/vc_row][vc_row full_width=&#8221;stretch_row_content_no_spaces&#8221; oi_ellements_style=&#8221;Without Paddings&#8221; css=&#8221;.vc_custom_1492418295335{margin-top: 0px !important;border-top-width: 0px !important;padding-top: 0px !important;}&#8221; el_class=&#8221;no_margins&#8221;][vc_column][vc_gmaps link=&#8221;#E-8_JTNDaWZyYW1lJTIwc3JjJTNEJTIyaHR0cHMlM0ElMkYlMkZ3d3cuZ29vZ2xlLmNvbSUyRm1hcHMlMkZlbWJlZCUzRnBiJTNEJTIxMW0xNCUyMTFtOCUyMTFtMyUyMTFkNzU3LjE2MTY2MjMyOTQ4NzElMjEyZDMyLjc4MDA3NjIzMjkzODUzNCUyMTNkMzkuOTEyMjk0MTI1NTc0OTIlMjEzbTIlMjExaTEwMjQlMjEyaTc2OCUyMTRmMTMuMSUyMTNtMyUyMTFtMiUyMTFzMHgwJTI1M0EweGI3NTI1NWJmMWI3OTc3ZmYlMjEyc05FUCUyQk9GRklDRSUyMTVlMCUyMTNtMiUyMTFzdHIlMjEyc3RyJTIxNHYxNTYwNzcxODQ1MDIyJTIxNW0yJTIxMXN0ciUyMTJzdHIlMjIlMjB3aWR0aCUzRCUyMjYwMCUyMiUyMGhlaWdodCUzRCUyMjQ1MCUyMiUyMGZyYW1lYm9yZGVyJTNEJTIyMCUyMiUyMHN0eWxlJTNEJTIyYm9yZGVyJTNBMCUyMiUyMGFsbG93ZnVsbHNjcmVlbiUzRSUzQyUyRmlmcmFtZSUzRQ==&#8221;][\/vc_column][\/vc_row]<\/p>\n","protected":false},"excerpt":{"rendered":"<p>[vc_row full_width=&#8221;stretch_row&#8221; css=&#8221;.vc_custom_1492418171913{padding-top: 0px !important;padding-bottom: 30px !important;background-color: #f8f7f2 !important;}&#8221; el_id=&#8221;contacts&#8221;][vc_column][vc_row_inner css=&#8221;.vc_custom_1492418150373{padding-top: 60px !important;padding-bottom: 60px !important;}&#8221;][vc_column_inner width=&#8221;1\/2&#8243;][\/vc_column_inner][vc_column_inner el_class=&#8221;text-center&#8221; width=&#8221;1\/2&#8243;][\/vc_column_inner][\/vc_row_inner][\/vc_column][\/vc_row][vc_row full_width=&#8221;stretch_row_content_no_spaces&#8221; oi_ellements_style=&#8221;Without Paddings&#8221; css=&#8221;.vc_custom_1492418295335{margin-top: 0px !important;border-top-width: 0px !important;padding-top: 0px !important;}&#8221; el_class=&#8221;no_margins&#8221;][vc_column][vc_gmaps link=&#8221;#E-8_JTNDaWZyYW1lJTIwc3JjJTNEJTIyaHR0cHMlM0ElMkYlMkZ3d3cuZ29vZ2xlLmNvbSUyRm1hcHMlMkZlbWJlZCUzRnBiJTNEJTIxMW0xNCUyMTFtOCUyMTFtMyUyMTFkNzU3LjE2MTY2MjMyOTQ4NzElMjEyZDMyLjc4MDA3NjIzMjkzODUzNCUyMTNkMzkuOTEyMjk0MTI1NTc0OTIlMjEzbTIlMjExaTEwMjQlMjEyaTc2OCUyMTRmMTMuMSUyMTNtMyUyMTFtMiUyMTFzMHgwJTI1M0EweGI3NTI1NWJmMWI3OTc3ZmYlMjEyc05FUCUyQk9GRklDRSUyMTVlMCUyMTNtMiUyMTFzdHIlMjEyc3RyJTIxNHYxNTYwNzcxODQ1MDIyJTIxNW0yJTIxMXN0ciUyMTJzdHIlMjIlMjB3aWR0aCUzRCUyMjYwMCUyMiUyMGhlaWdodCUzRCUyMjQ1MCUyMiUyMGZyYW1lYm9yZGVyJTNEJTIyMCUyMiUyMHN0eWxlJTNEJTIyYm9yZGVyJTNBMCUyMiUyMGFsbG93ZnVsbHNjcmVlbiUzRSUzQyUyRmlmcmFtZSUzRQ==&#8221;][\/vc_column][\/vc_row]<\/p>\n","protected":false},"author":1,"featured_media":2002,"parent":0,"menu_order":0,"comment_status":"closed","ping_status":"closed","template":"","meta":[],"yoast_head":"<!-- This site is optimized with the Yoast SEO plugin v16.0.1 - https:\/\/yoast.com\/wordpress\/plugins\/seo\/ -->\n<title>Tezeller \u0130leti\u015fim - Tezeller \u0130n\u015faat M\u00fchendislik Mimarl\u0131k Ltd. \u015eti.<\/title>\n<meta name=\"description\" content=\"Tezeller \u0130leti\u015fim; Bizimle istedi\u011finiz zaman ileti\u015fime ge\u00e7ebilirsiniz. Adres, telefon ve email arac\u0131l\u0131\u011f\u0131yla ula\u015fabilirsiniz.\" \/>\n<link rel=\"canonical\" href=\"https:\/\/www.tezellerinsaat.com.tr\/en\/index.php\/iletisim\/\" \/>\n<meta property=\"og:locale\" content=\"tr_TR\" \/>\n<meta property=\"og:type\" content=\"article\" \/>\n<meta property=\"og:title\" content=\"Tezeller \u0130leti\u015fim - Tezeller \u0130n\u015faat M\u00fchendislik Mimarl\u0131k Ltd. \u015eti.\" \/>\n<meta property=\"og:description\" content=\"Tezeller \u0130leti\u015fim; Bizimle istedi\u011finiz zaman ileti\u015fime ge\u00e7ebilirsiniz. Adres, telefon ve email arac\u0131l\u0131\u011f\u0131yla ula\u015fabilirsiniz.\" \/>\n<meta property=\"og:url\" content=\"https:\/\/www.tezellerinsaat.com.tr\/en\/index.php\/iletisim\/\" \/>\n<meta property=\"og:site_name\" content=\"Tezeller \u0130n\u015faat\" \/>\n<meta property=\"article:modified_time\" content=\"2019-07-11T14:31:02+00:00\" \/>\n<meta property=\"og:image\" content=\"https:\/\/www.tezellerinsaat.com.tr\/wp-content\/uploads\/2017\/03\/authentic-demo-image-130-1024x768.jpg\" \/>\n\t<meta property=\"og:image:width\" content=\"1024\" \/>\n\t<meta property=\"og:image:height\" content=\"768\" \/>\n<meta name=\"twitter:card\" content=\"summary_large_image\" \/>\n<meta name=\"twitter:label1\" content=\"Tahmini okuma s\u00fcresi\">\n\t<meta name=\"twitter:data1\" content=\"3 dakika\">\n<script type=\"application\/ld+json\" class=\"yoast-schema-graph\">{\"@context\":\"https:\/\/schema.org\",\"@graph\":[{\"@type\":\"WebSite\",\"@id\":\"http:\/\/www.tezellerinsaat.com.tr\/#website\",\"url\":\"http:\/\/www.tezellerinsaat.com.tr\/\",\"name\":\"Tezeller \\u0130n\\u015faat\",\"description\":\"\",\"potentialAction\":[{\"@type\":\"SearchAction\",\"target\":\"http:\/\/www.tezellerinsaat.com.tr\/?s={search_term_string}\",\"query-input\":\"required name=search_term_string\"}],\"inLanguage\":\"tr-TR\"},{\"@type\":\"ImageObject\",\"@id\":\"https:\/\/www.tezellerinsaat.com.tr\/en\/index.php\/iletisim\/#primaryimage\",\"inLanguage\":\"tr-TR\",\"url\":\"https:\/\/www.tezellerinsaat.com.tr\/wp-content\/uploads\/2017\/03\/authentic-demo-image-130.jpg\",\"width\":2880,\"height\":2160},{\"@type\":\"WebPage\",\"@id\":\"https:\/\/www.tezellerinsaat.com.tr\/en\/index.php\/iletisim\/#webpage\",\"url\":\"https:\/\/www.tezellerinsaat.com.tr\/en\/index.php\/iletisim\/\",\"name\":\"Tezeller \\u0130leti\\u015fim - Tezeller \\u0130n\\u015faat M\\u00fchendislik Mimarl\\u0131k Ltd. \\u015eti.\",\"isPartOf\":{\"@id\":\"http:\/\/www.tezellerinsaat.com.tr\/#website\"},\"primaryImageOfPage\":{\"@id\":\"https:\/\/www.tezellerinsaat.com.tr\/en\/index.php\/iletisim\/#primaryimage\"},\"datePublished\":\"2017-03-20T12:11:15+00:00\",\"dateModified\":\"2019-07-11T14:31:02+00:00\",\"description\":\"Tezeller \\u0130leti\\u015fim; Bizimle istedi\\u011finiz zaman ileti\\u015fime ge\\u00e7ebilirsiniz. Adres, telefon ve email arac\\u0131l\\u0131\\u011f\\u0131yla ula\\u015fabilirsiniz.\",\"breadcrumb\":{\"@id\":\"https:\/\/www.tezellerinsaat.com.tr\/en\/index.php\/iletisim\/#breadcrumb\"},\"inLanguage\":\"tr-TR\",\"potentialAction\":[{\"@type\":\"ReadAction\",\"target\":[\"https:\/\/www.tezellerinsaat.com.tr\/en\/index.php\/iletisim\/\"]}]},{\"@type\":\"BreadcrumbList\",\"@id\":\"https:\/\/www.tezellerinsaat.com.tr\/en\/index.php\/iletisim\/#breadcrumb\",\"itemListElement\":[{\"@type\":\"ListItem\",\"position\":1,\"item\":{\"@type\":\"WebPage\",\"@id\":\"http:\/\/www.tezellerinsaat.com.tr\/\",\"url\":\"http:\/\/www.tezellerinsaat.com.tr\/\",\"name\":\"Ana sayfa\"}},{\"@type\":\"ListItem\",\"position\":2,\"item\":{\"@type\":\"WebPage\",\"@id\":\"https:\/\/www.tezellerinsaat.com.tr\/en\/index.php\/iletisim\/\",\"url\":\"https:\/\/www.tezellerinsaat.com.tr\/en\/index.php\/iletisim\/\",\"name\":\"\\u0130leti\\u015fim\"}}]}]}<\/script>\n<!-- \/ Yoast SEO plugin. -->","_links":{"self":[{"href":"https:\/\/www.tezellerinsaat.com.tr\/index.php\/wp-json\/wp\/v2\/pages\/2995"}],"collection":[{"href":"https:\/\/www.tezellerinsaat.com.tr\/index.php\/wp-json\/wp\/v2\/pages"}],"about":[{"href":"https:\/\/www.tezellerinsaat.com.tr\/index.php\/wp-json\/wp\/v2\/types\/page"}],"author":[{"embeddable":true,"href":"https:\/\/www.tezellerinsaat.com.tr\/index.php\/wp-json\/wp\/v2\/users\/1"}],"replies":[{"embeddable":true,"href":"https:\/\/www.tezellerinsaat.com.tr\/index.php\/wp-json\/wp\/v2\/comments?post=2995"}],"version-history":[{"count":25,"href":"https:\/\/www.tezellerinsaat.com.tr\/index.php\/wp-json\/wp\/v2\/pages\/2995\/revisions"}],"predecessor-version":[{"id":4265,"href":"https:\/\/www.tezellerinsaat.com.tr\/index.php\/wp-json\/wp\/v2\/pages\/2995\/revisions\/4265"}],"wp:featuredmedia":[{"embeddable":true,"href":"https:\/\/www.tezellerinsaat.com.tr\/index.php\/wp-json\/wp\/v2\/media\/2002"}],"wp:attachment":[{"href":"https:\/\/www.tezellerinsaat.com.tr\/index.php\/wp-json\/wp\/v2\/media?parent=2995"}],"curies":[{"name":"wp","href":"https:\/\/api.w.org\/{rel}","templated":true}]}}